{"id":2443,"date":"2024-11-01T14:09:53","date_gmt":"2024-11-01T13:09:53","guid":{"rendered":"https:\/\/empowerment.org.ua\/?page_id=2443"},"modified":"2024-12-03T22:16:35","modified_gmt":"2024-12-03T21:16:35","slug":"oferta-projekt-2","status":"publish","type":"page","link":"https:\/\/empowerment.org.ua\/uk\/oferta-projekt-2\/","title":{"rendered":"Oferta &#8211; projekt 2"},"content":{"rendered":"<div data-elementor-type=\"wp-page\" data-elementor-id=\"2443\" class=\"elementor elementor-2443\" data-elementor-post-type=\"page\">\n\t\t\t\t<div class=\"elementor-element elementor-element-5d1021f e-flex e-con-boxed e-con e-parent\" data-id=\"5d1021f\" data-element_type=\"container\" data-settings=\"{&quot;background_background&quot;:&quot;classic&quot;,&quot;jet_parallax_layout_list&quot;:[]}\">\n\t\t\t\t\t<div class=\"e-con-inner\">\n\t\t<div class=\"elementor-element elementor-element-5fd6caa e-con-full e-flex e-con e-child\" data-id=\"5fd6caa\" data-element_type=\"container\" data-settings=\"{&quot;background_background&quot;:&quot;gradient&quot;,&quot;jet_parallax_layout_list&quot;:[]}\">\n\t\t\t\t<div class=\"elementor-element elementor-element-1c89783 elementor-widget elementor-widget-heading\" data-id=\"1c89783\" data-element_type=\"widget\" data-widget_type=\"heading.default\">\n\t\t\t\t<div class=\"elementor-widget-container\">\n\t\t\t<h2 class=\"elementor-heading-title elementor-size-default\">OFERTA<\/h2>\t\t<\/div>\n\t\t\t\t<\/div>\n\t\t\t\t<div class=\"elementor-element elementor-element-c511b50 elementor-widget__width-initial elementor-widget elementor-widget-heading\" data-id=\"c511b50\" data-element_type=\"widget\" data-widget_type=\"heading.default\">\n\t\t\t\t<div class=\"elementor-widget-container\">\n\t\t\t<h2 class=\"elementor-heading-title elementor-size-default\">Wspieramy rekrutacj\u0119, adaptacj\u0119 i integracj\u0119 pracownik\u00f3w z Ukrainy w miejscu pracy.<br><br>Oferujemy kompleksowe wsparcie \u2013 od <b>profesjonalnej pomocy w procesie rekrutacji po programy szkole\u0144 i mentoringu<\/b>, dedykowane zar\u00f3wno pracownikom, jak i kadrze zarz\u0105dzaj\u0105cej.<\/h2>\t\t<\/div>\n\t\t\t\t<\/div>\n\t\t\t\t<\/div>\n\t\t<div class=\"elementor-element elementor-element-db81100 e-con-full e-flex e-con e-child\" data-id=\"db81100\" data-element_type=\"container\" data-settings=\"{&quot;jet_parallax_layout_list&quot;:[],&quot;background_background&quot;:&quot;classic&quot;}\">\n\t\t\t\t<\/div>\n\t\t\t\t\t<\/div>\n\t\t\t\t<\/div>\n\t\t<div class=\"elementor-element elementor-element-9ff0aca e-flex e-con-boxed e-con e-parent\" data-id=\"9ff0aca\" data-element_type=\"container\" data-settings=\"{&quot;jet_parallax_layout_list&quot;:[],&quot;background_background&quot;:&quot;classic&quot;}\">\n\t\t\t\t\t<div class=\"e-con-inner\">\n\t\t\t\t<div class=\"elementor-element elementor-element-59dd1f6 elementor-widget__width-initial elementor-widget elementor-widget-heading\" data-id=\"59dd1f6\" data-element_type=\"widget\" data-widget_type=\"heading.default\">\n\t\t\t\t<div class=\"elementor-widget-container\">\n\t\t\t<h2 class=\"elementor-heading-title elementor-size-default\">\u041f\u0440\u043e\u043f\u043e\u0437\u0438\u0446\u0456\u044f<\/h2>\t\t<\/div>\n\t\t\t\t<\/div>\n\t\t\t\t<div class=\"elementor-element elementor-element-7ed3c57 elementor-widget__width-initial elementor-widget elementor-widget-heading\" data-id=\"7ed3c57\" data-element_type=\"widget\" data-widget_type=\"heading.default\">\n\t\t\t\t<div class=\"elementor-widget-container\">\n\t\t\t<h2 class=\"elementor-heading-title elementor-size-default\">Korzy\u015bci<\/h2>\t\t<\/div>\n\t\t\t\t<\/div>\n\t\t\t\t<div class=\"elementor-element elementor-element-aeb5111 elementor-widget__width-initial elementor-widget elementor-widget-text-editor\" data-id=\"aeb5111\" data-element_type=\"widget\" data-widget_type=\"text-editor.default\">\n\t\t\t\t<div class=\"elementor-widget-container\">\n\t\t\t\t\t\t\t<p>Nasze dzia\u0142ania wspieraj\u0105 proces rekrutacji i onboardingu pracownik\u00f3w, co pomaga zminimalizowa\u0107 rotacj\u0119 oraz usprawni\u0107 wdra\u017canie nowych os\u00f3b do zespo\u0142u. U\u0142atwiamy zrozumienie specyfiki rynku pracy i r\u00f3\u017cnic kulturowych, co przek\u0142ada si\u0119 na lepsz\u0105 adaptacj\u0119 nowych pracownik\u00f3w oraz rozw\u00f3j ich potencja\u0142u i mocnych stron w miejscu pracy.<\/p>\t\t\t\t\t\t<\/div>\n\t\t\t\t<\/div>\n\t\t\t\t\t<\/div>\n\t\t\t\t<\/div>\n\t\t<div class=\"elementor-element elementor-element-a5e1eb4 e-flex e-con-boxed e-con e-parent\" data-id=\"a5e1eb4\" data-element_type=\"container\" data-settings=\"{&quot;jet_parallax_layout_list&quot;:[],&quot;background_background&quot;:&quot;classic&quot;}\">\n\t\t\t\t\t<div class=\"e-con-inner\">\n\t\t<div class=\"elementor-element elementor-element-0c89719 e-con-full e-flex e-con e-child\" data-id=\"0c89719\" data-element_type=\"container\" data-settings=\"{&quot;jet_parallax_layout_list&quot;:[]}\">\n\t\t\t\t<div class=\"elementor-element elementor-element-fed0f24 elementor-widget elementor-widget-heading\" data-id=\"fed0f24\" data-element_type=\"widget\" data-widget_type=\"heading.default\">\n\t\t\t\t<div class=\"elementor-widget-container\">\n\t\t\t<h2 class=\"elementor-heading-title elementor-size-default\">Mentoring kulturowy (indywidualny)<\/h2>\t\t<\/div>\n\t\t\t\t<\/div>\n\t\t\t\t<div class=\"elementor-element elementor-element-2bd239b elementor-widget__width-initial elementor-widget elementor-widget-heading\" data-id=\"2bd239b\" data-element_type=\"widget\" data-widget_type=\"heading.default\">\n\t\t\t\t<div class=\"elementor-widget-container\">\n\t\t\t<h2 class=\"elementor-heading-title elementor-size-default\">Facylitacja i w\u0142\u0105czenia os\u00f3b do zespo\u0142u<\/h2>\t\t<\/div>\n\t\t\t\t<\/div>\n\t\t\t\t<div class=\"elementor-element elementor-element-1a59d0d elementor-align-left elementor-icon-list--layout-traditional elementor-list-item-link-full_width elementor-widget elementor-widget-icon-list\" data-id=\"1a59d0d\" data-element_type=\"widget\" data-widget_type=\"icon-list.default\">\n\t\t\t\t<div class=\"elementor-widget-container\">\n\t\t\t\t\t<ul class=\"elementor-icon-list-items\">\n\t\t\t\t\t\t\t<li class=\"elementor-icon-list-item\">\n\t\t\t\t\t\t\t\t\t\t\t<span class=\"elementor-icon-list-icon\">\n\t\t\t\t\t\t\t<i aria-hidden=\"true\" class=\"fas fa-dot-circle\"><\/i>\t\t\t\t\t\t<\/span>\n\t\t\t\t\t\t\t\t\t\t<span class=\"elementor-icon-list-text\">Indywidualne wsparcie dla os\u00f3b do\u0142\u0105czaj\u0105cych do zespo\u0142\u00f3w oraz manager\u00f3w tych zespo\u0142\u00f3w \u2013 pomoc w zrozumieniu kultury pracy.<\/span>\n\t\t\t\t\t\t\t\t\t<\/li>\n\t\t\t\t\t\t\t\t<li class=\"elementor-icon-list-item\">\n\t\t\t\t\t\t\t\t\t\t\t<span class=\"elementor-icon-list-icon\">\n\t\t\t\t\t\t\t<i aria-hidden=\"true\" class=\"fas fa-dot-circle\"><\/i>\t\t\t\t\t\t<\/span>\n\t\t\t\t\t\t\t\t\t\t<span class=\"elementor-icon-list-text\">Facylitowanie wsp\u00f3\u0142pracy w zespole.<\/span>\n\t\t\t\t\t\t\t\t\t<\/li>\n\t\t\t\t\t\t<\/ul>\n\t\t\t\t<\/div>\n\t\t\t\t<\/div>\n\t\t\t\t<\/div>\n\t\t<div class=\"elementor-element elementor-element-b19e33e e-con-full e-flex e-con e-child\" data-id=\"b19e33e\" data-element_type=\"container\" data-settings=\"{&quot;jet_parallax_layout_list&quot;:[]}\">\n\t\t\t\t<div class=\"elementor-element elementor-element-2245b5c elementor-widget elementor-widget-image\" data-id=\"2245b5c\" data-element_type=\"widget\" data-widget_type=\"image.default\">\n\t\t\t\t<div class=\"elementor-widget-container\">\n\t\t\t\t\t\t\t\t\t\t\t\t\t<img fetchpriority=\"high\" decoding=\"async\" width=\"800\" height=\"500\" src=\"https:\/\/empowerment.org.ua\/wp-content\/uploads\/2024\/09\/projekt2-1024x640.jpg\" class=\"attachment-large size-large wp-image-2256\" alt=\"\" srcset=\"https:\/\/empowerment.org.ua\/wp-content\/uploads\/2024\/09\/projekt2-1024x640.jpg 1024w, https:\/\/empowerment.org.ua\/wp-content\/uploads\/2024\/09\/projekt2-300x188.jpg 300w, https:\/\/empowerment.org.ua\/wp-content\/uploads\/2024\/09\/projekt2-768x480.jpg 768w, https:\/\/empowerment.org.ua\/wp-content\/uploads\/2024\/09\/projekt2-18x12.jpg 18w, https:\/\/empowerment.org.ua\/wp-content\/uploads\/2024\/09\/projekt2-600x375.jpg 600w, https:\/\/empowerment.org.ua\/wp-content\/uploads\/2024\/09\/projekt2.jpg 1200w\" sizes=\"(max-width: 800px) 100vw, 800px\" \/>\t\t\t\t\t\t\t\t\t\t\t\t\t<\/div>\n\t\t\t\t<\/div>\n\t\t\t\t<\/div>\n\t\t\t\t\t<\/div>\n\t\t\t\t<\/div>\n\t\t<div class=\"elementor-element elementor-element-32ed8ce e-flex e-con-boxed e-con e-parent\" data-id=\"32ed8ce\" data-element_type=\"container\" data-settings=\"{&quot;jet_parallax_layout_list&quot;:[],&quot;background_background&quot;:&quot;classic&quot;}\">\n\t\t\t\t\t<div class=\"e-con-inner\">\n\t\t<div class=\"elementor-element elementor-element-62b9195 e-con-full e-flex e-con e-child\" data-id=\"62b9195\" data-element_type=\"container\" data-settings=\"{&quot;jet_parallax_layout_list&quot;:[]}\">\n\t\t\t\t<div class=\"elementor-element elementor-element-18199cc elementor-widget elementor-widget-image\" data-id=\"18199cc\" data-element_type=\"widget\" data-widget_type=\"image.default\">\n\t\t\t\t<div class=\"elementor-widget-container\">\n\t\t\t\t\t\t\t\t\t\t\t\t\t<img decoding=\"async\" width=\"800\" height=\"500\" src=\"https:\/\/empowerment.org.ua\/wp-content\/uploads\/2024\/09\/projekt1-1024x640.jpg\" class=\"attachment-large size-large wp-image-2253\" alt=\"\" srcset=\"https:\/\/empowerment.org.ua\/wp-content\/uploads\/2024\/09\/projekt1-1024x640.jpg 1024w, https:\/\/empowerment.org.ua\/wp-content\/uploads\/2024\/09\/projekt1-300x188.jpg 300w, https:\/\/empowerment.org.ua\/wp-content\/uploads\/2024\/09\/projekt1-768x480.jpg 768w, https:\/\/empowerment.org.ua\/wp-content\/uploads\/2024\/09\/projekt1-18x12.jpg 18w, https:\/\/empowerment.org.ua\/wp-content\/uploads\/2024\/09\/projekt1-600x375.jpg 600w, https:\/\/empowerment.org.ua\/wp-content\/uploads\/2024\/09\/projekt1.jpg 1200w\" sizes=\"(max-width: 800px) 100vw, 800px\" \/>\t\t\t\t\t\t\t\t\t\t\t\t\t<\/div>\n\t\t\t\t<\/div>\n\t\t\t\t<\/div>\n\t\t<div class=\"elementor-element elementor-element-9adf41f e-con-full e-flex e-con e-child\" data-id=\"9adf41f\" data-element_type=\"container\" data-settings=\"{&quot;jet_parallax_layout_list&quot;:[]}\">\n\t\t\t\t<div class=\"elementor-element elementor-element-77cc31b elementor-widget elementor-widget-heading\" data-id=\"77cc31b\" data-element_type=\"widget\" data-widget_type=\"heading.default\">\n\t\t\t\t<div class=\"elementor-widget-container\">\n\t\t\t<h2 class=\"elementor-heading-title elementor-size-default\">Indywidualny mentoring dla specjalist\u00f3w HR<\/h2>\t\t<\/div>\n\t\t\t\t<\/div>\n\t\t\t\t<div class=\"elementor-element elementor-element-1a900d7 elementor-align-left elementor-icon-list--layout-traditional elementor-list-item-link-full_width elementor-widget elementor-widget-icon-list\" data-id=\"1a900d7\" data-element_type=\"widget\" data-widget_type=\"icon-list.default\">\n\t\t\t\t<div class=\"elementor-widget-container\">\n\t\t\t\t\t<ul class=\"elementor-icon-list-items\">\n\t\t\t\t\t\t\t<li class=\"elementor-icon-list-item\">\n\t\t\t\t\t\t\t\t\t\t\t<span class=\"elementor-icon-list-icon\">\n\t\t\t\t\t\t\t<i aria-hidden=\"true\" class=\"fas fa-dot-circle\"><\/i>\t\t\t\t\t\t<\/span>\n\t\t\t\t\t\t\t\t\t\t<span class=\"elementor-icon-list-text\">Indywidualne wsparcie, konsultacje i porady dla os\u00f3b z HR.<\/span>\n\t\t\t\t\t\t\t\t\t<\/li>\n\t\t\t\t\t\t\t\t<li class=\"elementor-icon-list-item\">\n\t\t\t\t\t\t\t\t\t\t\t<span class=\"elementor-icon-list-icon\">\n\t\t\t\t\t\t\t<i aria-hidden=\"true\" class=\"fas fa-dot-circle\"><\/i>\t\t\t\t\t\t<\/span>\n\t\t\t\t\t\t\t\t\t\t<span class=\"elementor-icon-list-text\">Konsultacje dotycz\u0105ce polityk, program\u00f3w, procedur i komunikacji w kontek\u015bcie r\u00f3\u017cnic kulturowych.<\/span>\n\t\t\t\t\t\t\t\t\t<\/li>\n\t\t\t\t\t\t<\/ul>\n\t\t\t\t<\/div>\n\t\t\t\t<\/div>\n\t\t\t\t<\/div>\n\t\t\t\t\t<\/div>\n\t\t\t\t<\/div>\n\t\t<div class=\"elementor-element elementor-element-b44c90f e-flex e-con-boxed e-con e-parent\" data-id=\"b44c90f\" data-element_type=\"container\" data-settings=\"{&quot;jet_parallax_layout_list&quot;:[],&quot;background_background&quot;:&quot;classic&quot;}\">\n\t\t\t\t\t<div class=\"e-con-inner\">\n\t\t<div class=\"elementor-element elementor-element-7c022f8 e-con-full e-flex e-con e-child\" data-id=\"7c022f8\" data-element_type=\"container\" data-settings=\"{&quot;jet_parallax_layout_list&quot;:[]}\">\n\t\t\t\t<div class=\"elementor-element elementor-element-b4525af elementor-widget elementor-widget-heading\" data-id=\"b4525af\" data-element_type=\"widget\" data-widget_type=\"heading.default\">\n\t\t\t\t<div class=\"elementor-widget-container\">\n\t\t\t<h2 class=\"elementor-heading-title elementor-size-default\">Wsparcie dzia\u0142\u00f3w HR w rekrutacji i onboardingu os\u00f3b z Ukrainy<\/h2>\t\t<\/div>\n\t\t\t\t<\/div>\n\t\t\t\t<div class=\"elementor-element elementor-element-85d43d7 elementor-align-left elementor-icon-list--layout-traditional elementor-list-item-link-full_width elementor-widget elementor-widget-icon-list\" data-id=\"85d43d7\" data-element_type=\"widget\" data-widget_type=\"icon-list.default\">\n\t\t\t\t<div class=\"elementor-widget-container\">\n\t\t\t\t\t<ul class=\"elementor-icon-list-items\">\n\t\t\t\t\t\t\t<li class=\"elementor-icon-list-item\">\n\t\t\t\t\t\t\t\t\t\t\t<span class=\"elementor-icon-list-icon\">\n\t\t\t\t\t\t\t<i aria-hidden=\"true\" class=\"fas fa-dot-circle\"><\/i>\t\t\t\t\t\t<\/span>\n\t\t\t\t\t\t\t\t\t\t<span class=\"elementor-icon-list-text\">Audyt i analiza inkluzywno\u015bci proces\u00f3w rekrutacyjnych wraz z opracowaniem rekomendacji.<\/span>\n\t\t\t\t\t\t\t\t\t<\/li>\n\t\t\t\t\t\t\t\t<li class=\"elementor-icon-list-item\">\n\t\t\t\t\t\t\t\t\t\t\t<span class=\"elementor-icon-list-icon\">\n\t\t\t\t\t\t\t<i aria-hidden=\"true\" class=\"fas fa-dot-circle\"><\/i>\t\t\t\t\t\t<\/span>\n\t\t\t\t\t\t\t\t\t\t<span class=\"elementor-icon-list-text\">Analiza dokument\u00f3w i og\u0142osze\u0144 pod k\u0105tem j\u0119zykowym i kulturowym.<\/span>\n\t\t\t\t\t\t\t\t\t<\/li>\n\t\t\t\t\t\t\t\t<li class=\"elementor-icon-list-item\">\n\t\t\t\t\t\t\t\t\t\t\t<span class=\"elementor-icon-list-icon\">\n\t\t\t\t\t\t\t<i aria-hidden=\"true\" class=\"fas fa-dot-circle\"><\/i>\t\t\t\t\t\t<\/span>\n\t\t\t\t\t\t\t\t\t\t<span class=\"elementor-icon-list-text\">Rozmowy i wywiady z osobami prowadz\u0105cymi rekrutacj\u0119.<\/span>\n\t\t\t\t\t\t\t\t\t<\/li>\n\t\t\t\t\t\t\t\t<li class=\"elementor-icon-list-item\">\n\t\t\t\t\t\t\t\t\t\t\t<span class=\"elementor-icon-list-icon\">\n\t\t\t\t\t\t\t<i aria-hidden=\"true\" class=\"fas fa-dot-circle\"><\/i>\t\t\t\t\t\t<\/span>\n\t\t\t\t\t\t\t\t\t\t<span class=\"elementor-icon-list-text\">Opracowanie rekomendacji dotycz\u0105cych usprawnie\u0144 w procesach rekrutacyjnych.<\/span>\n\t\t\t\t\t\t\t\t\t<\/li>\n\t\t\t\t\t\t\t\t<li class=\"elementor-icon-list-item\">\n\t\t\t\t\t\t\t\t\t\t\t<span class=\"elementor-icon-list-icon\">\n\t\t\t\t\t\t\t<i aria-hidden=\"true\" class=\"fas fa-dot-circle\"><\/i>\t\t\t\t\t\t<\/span>\n\t\t\t\t\t\t\t\t\t\t<span class=\"elementor-icon-list-text\">Udzia\u0142 eksperta w procesach rekrutacyjnych \u2013 pomoc w ocenie kompetencji oraz wsparcie j\u0119zykowe.<\/span>\n\t\t\t\t\t\t\t\t\t<\/li>\n\t\t\t\t\t\t\t\t<li class=\"elementor-icon-list-item\">\n\t\t\t\t\t\t\t\t\t\t\t<span class=\"elementor-icon-list-icon\">\n\t\t\t\t\t\t\t<i aria-hidden=\"true\" class=\"fas fa-dot-circle\"><\/i>\t\t\t\t\t\t<\/span>\n\t\t\t\t\t\t\t\t\t\t<span class=\"elementor-icon-list-text\">Usprawnianie proces\u00f3w z uwzgl\u0119dnieniem potrzeb os\u00f3b z Ukrainy.<\/span>\n\t\t\t\t\t\t\t\t\t<\/li>\n\t\t\t\t\t\t\t\t<li class=\"elementor-icon-list-item\">\n\t\t\t\t\t\t\t\t\t\t\t<span class=\"elementor-icon-list-icon\">\n\t\t\t\t\t\t\t<i aria-hidden=\"true\" class=\"fas fa-dot-circle\"><\/i>\t\t\t\t\t\t<\/span>\n\t\t\t\t\t\t\t\t\t\t<span class=\"elementor-icon-list-text\">Zewn\u0119trzne wsparcie w rekrutacji pracownik\u00f3w z Ukrainy.<\/span>\n\t\t\t\t\t\t\t\t\t<\/li>\n\t\t\t\t\t\t\t\t<li class=\"elementor-icon-list-item\">\n\t\t\t\t\t\t\t\t\t\t\t<span class=\"elementor-icon-list-icon\">\n\t\t\t\t\t\t\t<i aria-hidden=\"true\" class=\"fas fa-dot-circle\"><\/i>\t\t\t\t\t\t<\/span>\n\t\t\t\t\t\t\t\t\t\t<span class=\"elementor-icon-list-text\">Badanie do\u015bwiadcze\u0144 pracownik\u00f3w z Ukrainy w miejscu pracy.<\/span>\n\t\t\t\t\t\t\t\t\t<\/li>\n\t\t\t\t\t\t\t\t<li class=\"elementor-icon-list-item\">\n\t\t\t\t\t\t\t\t\t\t\t<span class=\"elementor-icon-list-icon\">\n\t\t\t\t\t\t\t<i aria-hidden=\"true\" class=\"fas fa-dot-circle\"><\/i>\t\t\t\t\t\t<\/span>\n\t\t\t\t\t\t\t\t\t\t<span class=\"elementor-icon-list-text\">Wyr\u00f3wnywanie szans w rozwoju kariery os\u00f3b z Ukrainy.<\/span>\n\t\t\t\t\t\t\t\t\t<\/li>\n\t\t\t\t\t\t<\/ul>\n\t\t\t\t<\/div>\n\t\t\t\t<\/div>\n\t\t\t\t<\/div>\n\t\t<div class=\"elementor-element elementor-element-19da6c2 e-con-full e-flex e-con e-child\" data-id=\"19da6c2\" data-element_type=\"container\" data-settings=\"{&quot;jet_parallax_layout_list&quot;:[]}\">\n\t\t\t\t<div class=\"elementor-element elementor-element-b2f26a5 elementor-widget elementor-widget-image\" data-id=\"b2f26a5\" data-element_type=\"widget\" data-widget_type=\"image.default\">\n\t\t\t\t<div class=\"elementor-widget-container\">\n\t\t\t\t\t\t\t\t\t\t\t\t\t<img decoding=\"async\" width=\"800\" height=\"450\" src=\"https:\/\/empowerment.org.ua\/wp-content\/uploads\/2024\/09\/Empowerment_1-1024x576.jpg\" class=\"attachment-large size-large wp-image-2205\" alt=\"\" srcset=\"https:\/\/empowerment.org.ua\/wp-content\/uploads\/2024\/09\/Empowerment_1-1024x576.jpg 1024w, https:\/\/empowerment.org.ua\/wp-content\/uploads\/2024\/09\/Empowerment_1-300x169.jpg 300w, https:\/\/empowerment.org.ua\/wp-content\/uploads\/2024\/09\/Empowerment_1-768x432.jpg 768w, https:\/\/empowerment.org.ua\/wp-content\/uploads\/2024\/09\/Empowerment_1-1536x864.jpg 1536w, https:\/\/empowerment.org.ua\/wp-content\/uploads\/2024\/09\/Empowerment_1-18x10.jpg 18w, https:\/\/empowerment.org.ua\/wp-content\/uploads\/2024\/09\/Empowerment_1-150x85.jpg 150w, https:\/\/empowerment.org.ua\/wp-content\/uploads\/2024\/09\/Empowerment_1-600x338.jpg 600w, https:\/\/empowerment.org.ua\/wp-content\/uploads\/2024\/09\/Empowerment_1.jpg 1920w\" sizes=\"(max-width: 800px) 100vw, 800px\" \/>\t\t\t\t\t\t\t\t\t\t\t\t\t<\/div>\n\t\t\t\t<\/div>\n\t\t\t\t<\/div>\n\t\t\t\t\t<\/div>\n\t\t\t\t<\/div>\n\t\t<div class=\"elementor-element elementor-element-e192d41 e-flex e-con-boxed e-con e-parent\" data-id=\"e192d41\" data-element_type=\"container\" data-settings=\"{&quot;jet_parallax_layout_list&quot;:[],&quot;background_background&quot;:&quot;classic&quot;}\">\n\t\t\t\t\t<div class=\"e-con-inner\">\n\t\t<div class=\"elementor-element elementor-element-4cb11c8 e-con-full e-flex e-con e-child\" data-id=\"4cb11c8\" data-element_type=\"container\" data-settings=\"{&quot;jet_parallax_layout_list&quot;:[]}\">\n\t\t\t\t<div class=\"elementor-element elementor-element-6ed8a78 elementor-widget elementor-widget-image\" data-id=\"6ed8a78\" data-element_type=\"widget\" data-widget_type=\"image.default\">\n\t\t\t\t<div class=\"elementor-widget-container\">\n\t\t\t\t\t\t\t\t\t\t\t\t\t<img loading=\"lazy\" decoding=\"async\" width=\"800\" height=\"500\" src=\"https:\/\/empowerment.org.ua\/wp-content\/uploads\/2024\/09\/projekt3-1024x640.jpg\" class=\"attachment-large size-large wp-image-2259\" alt=\"\" srcset=\"https:\/\/empowerment.org.ua\/wp-content\/uploads\/2024\/09\/projekt3-1024x640.jpg 1024w, https:\/\/empowerment.org.ua\/wp-content\/uploads\/2024\/09\/projekt3-300x188.jpg 300w, https:\/\/empowerment.org.ua\/wp-content\/uploads\/2024\/09\/projekt3-768x480.jpg 768w, https:\/\/empowerment.org.ua\/wp-content\/uploads\/2024\/09\/projekt3-18x12.jpg 18w, https:\/\/empowerment.org.ua\/wp-content\/uploads\/2024\/09\/projekt3-600x375.jpg 600w, https:\/\/empowerment.org.ua\/wp-content\/uploads\/2024\/09\/projekt3.jpg 1200w\" sizes=\"(max-width: 800px) 100vw, 800px\" \/>\t\t\t\t\t\t\t\t\t\t\t\t\t<\/div>\n\t\t\t\t<\/div>\n\t\t\t\t<\/div>\n\t\t<div class=\"elementor-element elementor-element-f2cf33a e-con-full e-flex e-con e-child\" data-id=\"f2cf33a\" data-element_type=\"container\" data-settings=\"{&quot;jet_parallax_layout_list&quot;:[]}\">\n\t\t\t\t<div class=\"elementor-element elementor-element-9a41580 elementor-widget elementor-widget-heading\" data-id=\"9a41580\" data-element_type=\"widget\" data-widget_type=\"heading.default\">\n\t\t\t\t<div class=\"elementor-widget-container\">\n\t\t\t<h2 class=\"elementor-heading-title elementor-size-default\">Rozw\u00f3j kompetencji i wsparcie dla kadry zarz\u0105dzaj\u0105cej\n<\/h2>\t\t<\/div>\n\t\t\t\t<\/div>\n\t\t\t\t<div class=\"elementor-element elementor-element-4f005c4 elementor-align-left elementor-icon-list--layout-traditional elementor-list-item-link-full_width elementor-widget elementor-widget-icon-list\" data-id=\"4f005c4\" data-element_type=\"widget\" data-widget_type=\"icon-list.default\">\n\t\t\t\t<div class=\"elementor-widget-container\">\n\t\t\t\t\t<ul class=\"elementor-icon-list-items\">\n\t\t\t\t\t\t\t<li class=\"elementor-icon-list-item\">\n\t\t\t\t\t\t\t\t\t\t\t<span class=\"elementor-icon-list-icon\">\n\t\t\t\t\t\t\t<i aria-hidden=\"true\" class=\"fas fa-dot-circle\"><\/i>\t\t\t\t\t\t<\/span>\n\t\t\t\t\t\t\t\t\t\t<span class=\"elementor-icon-list-text\">Szkolenia z zarz\u0105dzania zespo\u0142em polsko-ukrai\u0144skim.<\/span>\n\t\t\t\t\t\t\t\t\t<\/li>\n\t\t\t\t\t\t\t\t<li class=\"elementor-icon-list-item\">\n\t\t\t\t\t\t\t\t\t\t\t<span class=\"elementor-icon-list-icon\">\n\t\t\t\t\t\t\t<i aria-hidden=\"true\" class=\"fas fa-dot-circle\"><\/i>\t\t\t\t\t\t<\/span>\n\t\t\t\t\t\t\t\t\t\t<span class=\"elementor-icon-list-text\">Indywidualne doradztwo i mentoring dla kadry zarz\u0105dzaj\u0105cej pracuj\u0105cej z osobami z Ukrainy.<\/span>\n\t\t\t\t\t\t\t\t\t<\/li>\n\t\t\t\t\t\t\t\t<li class=\"elementor-icon-list-item\">\n\t\t\t\t\t\t\t\t\t\t\t<span class=\"elementor-icon-list-icon\">\n\t\t\t\t\t\t\t<i aria-hidden=\"true\" class=\"fas fa-dot-circle\"><\/i>\t\t\t\t\t\t<\/span>\n\t\t\t\t\t\t\t\t\t\t<span class=\"elementor-icon-list-text\">Wyja\u015bnienie i zrozumienie kontekstu kulturowego.<\/span>\n\t\t\t\t\t\t\t\t\t<\/li>\n\t\t\t\t\t\t\t\t<li class=\"elementor-icon-list-item\">\n\t\t\t\t\t\t\t\t\t\t\t<span class=\"elementor-icon-list-icon\">\n\t\t\t\t\t\t\t<i aria-hidden=\"true\" class=\"fas fa-dot-circle\"><\/i>\t\t\t\t\t\t<\/span>\n\t\t\t\t\t\t\t\t\t\t<span class=\"elementor-icon-list-text\">Wypracowanie rozwi\u0105za\u0144 i plan\u00f3w dzia\u0142ania.<\/span>\n\t\t\t\t\t\t\t\t\t<\/li>\n\t\t\t\t\t\t\t\t<li class=\"elementor-icon-list-item\">\n\t\t\t\t\t\t\t\t\t\t\t<span class=\"elementor-icon-list-icon\">\n\t\t\t\t\t\t\t<i aria-hidden=\"true\" class=\"fas fa-dot-circle\"><\/i>\t\t\t\t\t\t<\/span>\n\t\t\t\t\t\t\t\t\t\t<span class=\"elementor-icon-list-text\">Mediacje w przypadkach konflikt\u00f3w i nieporozumie\u0144.<\/span>\n\t\t\t\t\t\t\t\t\t<\/li>\n\t\t\t\t\t\t\t\t<li class=\"elementor-icon-list-item\">\n\t\t\t\t\t\t\t\t\t\t\t<span class=\"elementor-icon-list-icon\">\n\t\t\t\t\t\t\t<i aria-hidden=\"true\" class=\"fas fa-dot-circle\"><\/i>\t\t\t\t\t\t<\/span>\n\t\t\t\t\t\t\t\t\t\t<span class=\"elementor-icon-list-text\">Indywidualne doradztwo i mentoring.<\/span>\n\t\t\t\t\t\t\t\t\t<\/li>\n\t\t\t\t\t\t<\/ul>\n\t\t\t\t<\/div>\n\t\t\t\t<\/div>\n\t\t\t\t<\/div>\n\t\t\t\t\t<\/div>\n\t\t\t\t<\/div>\n\t\t\t\t<\/div>","protected":false},"excerpt":{"rendered":"<p>OFERTA Wspieramy rekrutacj\u0119, adaptacj\u0119 i integracj\u0119 pracownik\u00f3w z Ukrainy w miejscu pracy. Oferujemy kompleksowe wsparcie \u2013 od profesjonalnej pomocy w procesie rekrutacji po programy szkole\u0144 i mentoringu, dedykowane zar\u00f3wno pracownikom, jak i kadrze zarz\u0105dzaj\u0105cej. Oferta Korzy\u015bci Nasze dzia\u0142ania wspieraj\u0105 proces rekrutacji i onboardingu pracownik\u00f3w, co pomaga zminimalizowa\u0107 rotacj\u0119 oraz usprawni\u0107 wdra\u017canie nowych os\u00f3b do zespo\u0142u. [&hellip;]<\/p>","protected":false},"author":7,"featured_media":0,"parent":0,"menu_order":0,"comment_status":"closed","ping_status":"closed","template":"elementor_header_footer","meta":{"_acf_changed":false,"footnotes":""},"class_list":["post-2443","page","type-page","status-publish","hentry"],"acf":[],"_links":{"self":[{"href":"https:\/\/empowerment.org.ua\/uk\/wp-json\/wp\/v2\/pages\/2443","targetHints":{"allow":["GET"]}}],"collection":[{"href":"https:\/\/empowerment.org.ua\/uk\/wp-json\/wp\/v2\/pages"}],"about":[{"href":"https:\/\/empowerment.org.ua\/uk\/wp-json\/wp\/v2\/types\/page"}],"author":[{"embeddable":true,"href":"https:\/\/empowerment.org.ua\/uk\/wp-json\/wp\/v2\/users\/7"}],"replies":[{"embeddable":true,"href":"https:\/\/empowerment.org.ua\/uk\/wp-json\/wp\/v2\/comments?post=2443"}],"version-history":[{"count":0,"href":"https:\/\/empowerment.org.ua\/uk\/wp-json\/wp\/v2\/pages\/2443\/revisions"}],"wp:attachment":[{"href":"https:\/\/empowerment.org.ua\/uk\/wp-json\/wp\/v2\/media?parent=2443"}],"curies":[{"name":"wp","href":"https:\/\/api.w.org\/{rel}","templated":true}]}}